{"id":528,"date":"2024-07-24T07:40:00","date_gmt":"2024-07-24T07:40:00","guid":{"rendered":"https:\/\/aidrone.lt\/eu-projects\/"},"modified":"2025-11-25T11:54:49","modified_gmt":"2025-11-25T11:54:49","slug":"eu-projects","status":"publish","type":"page","link":"https:\/\/aidrone.lt\/en\/eu-projects\/","title":{"rendered":"EU projects"},"content":{"rendered":"\n\n\t<h1>\n\t\t\t\t\tES projektai\n\t\t\t\t<\/h1>\n\t\t\t\t<img loading=\"lazy\" decoding=\"async\" src=\"https:\/\/aidrone.lt\/wp-content\/uploads\/2024\/07\/0c3871c9bbfbbd6ff08d18d04fe4bfb4cf10b0440168b7f9baa052fab03c3e49.png\" alt=\"0c3871c9bbfbbd6ff08d18d04fe4bfb4cf10b0440168b7f9baa052fab03c3e49\" itemprop=\"image\" height=\"215\" width=\"877\" title=\"0c3871c9bbfbbd6ff08d18d04fe4bfb4cf10b0440168b7f9baa052fab03c3e49\" onerror=\"this.style.display='none'\"  \/>\n\t\t\t\t<img loading=\"lazy\" decoding=\"async\" src=\"https:\/\/aidrone.lt\/wp-content\/uploads\/2025\/11\/NKL-Logo_Horizontal-CMYK-1024x364.jpg\" alt=\"NKL-Logo_Horizontal-CMYK\" itemprop=\"image\" height=\"364\" width=\"1024\" title=\"NKL-Logo_Horizontal-CMYK\" onerror=\"this.style.display='none'\"  \/>\n\t<p><b>MB \u201eAI drone&#8221; \u012fgyvendina dalinai Europos S\u0105jungos finasuojam\u0105 projekt\u0105\u00a0\u00a0<\/b><\/p>\n<p>Projekto pavadinimas &#8211; DI PAGR\u012eSTOS OBJEKT\u0172 AUTOMATINIO ATPA\u017dINIMO SISTEMOS SUK\u016aRIMAS<\/p>\n<p>Projekto tikslas &#8211; sukurti DI paremt\u0105 pasikeitusi\u0173 objekt\u0173 automatinio atpa\u017einimo sistem\u0105, skirt\u0105 naudoti teritorij\u0173 ir objekt\u0173 apsaugai taikant mobilius automatizuotus \u012frenginius.<\/p>\n<p>Projekto veikla &#8211; Finansin\u0117s paskatos startuoliams ir at\u017ealin\u0117ms \u012fmon\u0117ms kurti DI, blok\u0173 grandin\u0117s technologij\u0173, robotikos proces\u0173 automatizavimo produktus ir sprendimus.<\/p>\n<p>Projektu sprend\u017eiamos problemos: projekto metu planuojama sukurti dirbtiniu intelektu (DI) pagr\u012fst\u0105 pasikeitusi\u0173 objekt\u0173 atpa\u017einimo sistem\u0105, skirt\u0105 naudoti mobiliuose autonominiuose \u012frenginiuose. Sistema geb\u0117t\u0173 greitai i\u0161mokti atpa\u017einti saugom\u0105 objekt\u0105, jo ypatybes, ribas, objekto dalis (net \u017emones, kurie turi teis\u0119 b\u016bti teritorijoje), bei geb\u0117ti ap\u017ei\u016bros metu nustatyti objekto pa\u017eeidimus (pvz. \u012fsilau\u017eimo po\u017eymius, sugadinimus (pvz. d\u0117l stichini\u0173 nelaimi\u0173 ar gedim\u0173, gaisro)) ir informuoti operatori\u0173 arba atsakingus asmenis ar tarnybas.\u00a0<\/p>\n<p>Dalinai finansuoja Europos S\u0105junga pagal priemon\u0119 \u201eNext Generation EU&#8221;.<\/p>\n<p>Projekto veikl\u0173 vykdymo prad\u017eia: 2024 m. bir\u017eelio m\u0117n.\u00a0<\/p>\n<p>Projekto veikl\u0173 vykdymo pabaiga: 2025 m. bir\u017eelio m\u0117n.<\/p>\n<p>Projekto vert\u0117: 116 000,00 Eur<\/p>\n<p>ES finansavimas: 86 000,00 Eur<\/p>\n\n","protected":false},"excerpt":{"rendered":"<p>ES projektai MB \u201eAI drone&#8221; \u012fgyvendina dalinai Europos S\u0105jungos finasuojam\u0105 projekt\u0105\u00a0\u00a0 Projekto pavadinimas &#8211; DI PAGR\u012eSTOS OBJEKT\u0172 AUTOMATINIO ATPA\u017dINIMO SISTEMOS SUK\u016aRIMAS Projekto tikslas &#8211; sukurti DI paremt\u0105 pasikeitusi\u0173 objekt\u0173 automatinio atpa\u017einimo sistem\u0105, skirt\u0105 naudoti teritorij\u0173 ir objekt\u0173 apsaugai taikant mobilius automatizuotus \u012frenginius. Projekto veikla &#8211; Finansin\u0117s paskatos startuoliams ir at\u017ealin\u0117ms \u012fmon\u0117ms kurti DI, blok\u0173 grandin\u0117s [&hellip;]<\/p>\n","protected":false},"author":1,"featured_media":0,"parent":0,"menu_order":0,"comment_status":"closed","ping_status":"closed","template":"","meta":{"_monsterinsights_skip_tracking":false,"_monsterinsights_sitenote_active":false,"_monsterinsights_sitenote_note":"","_monsterinsights_sitenote_category":0,"site-sidebar-layout":"no-sidebar","site-content-layout":"page-builder","ast-site-content-layout":"full-width-container","site-content-style":"unboxed","site-sidebar-style":"unboxed","ast-global-header-display":"","ast-banner-title-visibility":"","ast-main-header-display":"","ast-hfb-above-header-display":"","ast-hfb-below-header-display":"","ast-hfb-mobile-header-display":"","site-post-title":"disabled","ast-breadcrumbs-content":"","ast-featured-img":"disabled","footer-sml-layout":"","theme-transparent-header-meta":"enabled","adv-header-id-meta":"","stick-header-meta":"","header-above-stick-meta":"","header-main-stick-meta":"","header-below-stick-meta":"","astra-migrate-meta-layouts":"default","ast-page-background-enabled":"default","ast-page-background-meta":{"desktop":{"background-color":"","background-image":"","background-repeat":"repeat","background-position":"center center","background-size":"auto","background-attachment":"scroll","background-type":"","background-media":"","overlay-type":"","overlay-color":"","overlay-opacity":"","overlay-gradient":""},"tablet":{"background-color":"","background-image":"","background-repeat":"repeat","background-position":"center center","background-size":"auto","background-attachment":"scroll","background-type":"","background-media":"","overlay-type":"","overlay-color":"","overlay-opacity":"","overlay-gradient":""},"mobile":{"background-color":"","background-image":"","background-repeat":"repeat","background-position":"center center","background-size":"auto","background-attachment":"scroll","background-type":"","background-media":"","overlay-type":"","overlay-color":"","overlay-opacity":"","overlay-gradient":""}},"ast-content-background-meta":{"desktop":{"background-color":"var(--ast-global-color-5)","background-image":"","background-repeat":"repeat","background-position":"center center","background-size":"auto","background-attachment":"scroll","background-type":"","background-media":"","overlay-type":"","overlay-color":"","overlay-opacity":"","overlay-gradient":""},"tablet":{"background-color":"var(--ast-global-color-5)","background-image":"","background-repeat":"repeat","background-position":"center center","background-size":"auto","background-attachment":"scroll","background-type":"","background-media":"","overlay-type":"","overlay-color":"","overlay-opacity":"","overlay-gradient":""},"mobile":{"background-color":"var(--ast-global-color-5)","background-image":"","background-repeat":"repeat","background-position":"center center","background-size":"auto","background-attachment":"scroll","background-type":"","background-media":"","overlay-type":"","overlay-color":"","overlay-opacity":"","overlay-gradient":""}},"footnotes":""},"class_list":["post-528","page","type-page","status-publish","hentry"],"aioseo_notices":[],"_links":{"self":[{"href":"https:\/\/aidrone.lt\/en\/wp-json\/wp\/v2\/pages\/528"}],"collection":[{"href":"https:\/\/aidrone.lt\/en\/wp-json\/wp\/v2\/pages"}],"about":[{"href":"https:\/\/aidrone.lt\/en\/wp-json\/wp\/v2\/types\/page"}],"author":[{"embeddable":true,"href":"https:\/\/aidrone.lt\/en\/wp-json\/wp\/v2\/users\/1"}],"replies":[{"embeddable":true,"href":"https:\/\/aidrone.lt\/en\/wp-json\/wp\/v2\/comments?post=528"}],"version-history":[{"count":2,"href":"https:\/\/aidrone.lt\/en\/wp-json\/wp\/v2\/pages\/528\/revisions"}],"predecessor-version":[{"id":541,"href":"https:\/\/aidrone.lt\/en\/wp-json\/wp\/v2\/pages\/528\/revisions\/541"}],"wp:attachment":[{"href":"https:\/\/aidrone.lt\/en\/wp-json\/wp\/v2\/media?parent=528"}],"curies":[{"name":"wp","href":"https:\/\/api.w.org\/{rel}","templated":true}]}}